{"id":167,"date":"2024-07-04T07:28:59","date_gmt":"2024-07-04T05:28:59","guid":{"rendered":"https:\/\/jlakuntza.com\/?page_id=167"},"modified":"2024-12-03T07:41:02","modified_gmt":"2024-12-03T06:41:02","slug":"sobre-mi","status":"publish","type":"page","link":"https:\/\/jlakuntza.com\/en\/sobre-mi\/","title":{"rendered":"Sobre m\u00ed"},"content":{"rendered":"<div data-elementor-type=\"wp-page\" data-elementor-id=\"167\" class=\"elementor elementor-167\" data-elementor-post-type=\"page\">\n\t\t\t\t\t\t<section class=\"elementor-section elementor-top-section elementor-element elementor-element-275317e3 elementor-section-height-min-height elementor-section-boxed elementor-section-height-default elementor-section-items-middle\" data-id=\"275317e3\" data-element_type=\"section\" data-settings=\"{&quot;background_background&quot;:&quot;classic&quot;}\">\n\t\t\t\t\t\t\t<div class=\"elementor-background-overlay\"><\/div>\n\t\t\t\t\t\t\t<div class=\"elementor-container elementor-column-gap-default\">\n\t\t\t\t\t<div class=\"elementor-column elementor-col-100 elementor-top-column elementor-element elementor-element-7fa4e7f9\" data-id=\"7fa4e7f9\" data-element_type=\"column\">\n\t\t\t<div class=\"elementor-widget-wrap elementor-element-populated\">\n\t\t\t\t\t\t<div class=\"elementor-element elementor-element-4f90ba1c elementor-invisible elementor-widget elementor-widget-heading\" data-id=\"4f90ba1c\" data-element_type=\"widget\" data-settings=\"{&quot;_animation&quot;:&quot;fadeInDown&quot;}\" data-widget_type=\"heading.default\">\n\t\t\t\t<div class=\"elementor-widget-container\">\n\t\t\t\t\t<h1 class=\"elementor-heading-title elementor-size-default\">Sobre m\u00ed<\/h1>\t\t\t\t<\/div>\n\t\t\t\t<\/div>\n\t\t\t\t\t<\/div>\n\t\t<\/div>\n\t\t\t\t\t<\/div>\n\t\t<\/section>\n\t\t\t\t<section class=\"elementor-section elementor-top-section elementor-element elementor-element-810c0da elementor-section-boxed elementor-section-height-default elementor-section-height-default\" data-id=\"810c0da\" data-element_type=\"section\">\n\t\t\t\t\t\t<div class=\"elementor-container elementor-column-gap-default\">\n\t\t\t\t\t<div class=\"elementor-column elementor-col-100 elementor-top-column elementor-element elementor-element-86059f5\" data-id=\"86059f5\" data-element_type=\"column\">\n\t\t\t<div class=\"elementor-widget-wrap elementor-element-populated\">\n\t\t\t\t\t\t<div class=\"elementor-element elementor-element-58ce3e2 elementor-widget elementor-widget-heading\" data-id=\"58ce3e2\" data-element_type=\"widget\" data-widget_type=\"heading.default\">\n\t\t\t\t<div class=\"elementor-widget-container\">\n\t\t\t\t\t<h2 class=\"elementor-heading-title elementor-size-default\">Jesus Lakuntza. Coach y formador.<\/h2>\t\t\t\t<\/div>\n\t\t\t\t<\/div>\n\t\t\t\t<section class=\"elementor-section elementor-inner-section elementor-element elementor-element-0834a7f elementor-section-boxed elementor-section-height-default elementor-section-height-default\" data-id=\"0834a7f\" data-element_type=\"section\">\n\t\t\t\t\t\t<div class=\"elementor-container elementor-column-gap-default\">\n\t\t\t\t\t<div class=\"elementor-column elementor-col-50 elementor-inner-column elementor-element elementor-element-cf2f225\" data-id=\"cf2f225\" data-element_type=\"column\">\n\t\t\t<div class=\"elementor-widget-wrap elementor-element-populated\">\n\t\t\t\t\t\t<div class=\"elementor-element elementor-element-a5cb50e elementor-widget elementor-widget-image\" data-id=\"a5cb50e\" data-element_type=\"widget\" data-widget_type=\"image.default\">\n\t\t\t\t<div class=\"elementor-widget-container\">\n\t\t\t\t\t\t\t\t\t\t\t\t\t\t\t<img decoding=\"async\" src=\"https:\/\/jlakuntza.com\/wp-content\/uploads\/elementor\/thumbs\/1-1-qvvlogmfa47wl6fsdij3xedj2lm9kjimlzrskmfa6w.jpg\" title=\"1-1.jpg\" alt=\"1-1.jpg\" loading=\"lazy\" \/>\t\t\t\t\t\t\t\t\t\t\t\t\t\t\t<\/div>\n\t\t\t\t<\/div>\n\t\t\t\t\t<\/div>\n\t\t<\/div>\n\t\t\t\t<div class=\"elementor-column elementor-col-50 elementor-inner-column elementor-element elementor-element-f9cef37\" data-id=\"f9cef37\" data-element_type=\"column\">\n\t\t\t<div class=\"elementor-widget-wrap elementor-element-populated\">\n\t\t\t\t\t\t<div class=\"elementor-element elementor-element-3b85806f elementor-widget elementor-widget-text-editor\" data-id=\"3b85806f\" data-element_type=\"widget\" data-widget_type=\"text-editor.default\">\n\t\t\t\t<div class=\"elementor-widget-container\">\n\t\t\t\t\t\t\t\t\t<p class=\"p1\">Me apasiona mi trabajo. Leer art\u00edculos, ver videos, asistir a cursos, investigar formas de aplicar distintas herramientas, enfocando todo ello a mi desarrollo personal y profesional y, sobre todo, a compartirlo con los participantes en mis cursos y talleres, es algo fant\u00e1stico.<\/p><p class=\"p1\">Desde hace m\u00e1s de 20 a\u00f1os trabajo en el campo del Desarrollo Directivo. Inicialmente como asociado de una multinacional norteamericana habiendo recibido varias distinciones por mi labor profesional y, posteriormente, creando mi propia empresa.<\/p><p class=\"p1\">En estos a\u00f1os he ejercido como coach e impartido multitud de seminarios en decenas de empresas y organizaciones. Soy colaborador habitual de diferentes asociaciones empresariales y C\u00e1maras de Comercio.<\/p><p class=\"p1\">Adem\u00e1s de mi formaci\u00f3n universitaria en el \u00e1rea de empresa, soy Experto en Comportamiento Organizativo y Habilidades directivas por la UNED.<\/p><p class=\"p1\">Tambi\u00e9n soy trainer certificado por Dale Carnegie Training para el programa \u201cHabilidades comunicativas, Liderazgo y Relaciones interpersonales\u201d.<\/p><p class=\"p1\">Comenc\u00e9 mi actividad profesional dirigiendo diferentes empresas en las que pude comprobar de primera mano lo complicado que es hacerlo bien y lo necesario que es mantenerse en constante actitud de aprendizaje y desarrollo.<\/p>\t\t\t\t\t\t\t\t<\/div>\n\t\t\t\t<\/div>\n\t\t\t\t\t<\/div>\n\t\t<\/div>\n\t\t\t\t\t<\/div>\n\t\t<\/section>\n\t\t\t\t\t<\/div>\n\t\t<\/div>\n\t\t\t\t\t<\/div>\n\t\t<\/section>\n\t\t\t\t<section class=\"elementor-section elementor-top-section elementor-element elementor-element-29c7fb7b elementor-section-content-top elementor-section-full_width elementor-section-height-default elementor-section-height-default\" data-id=\"29c7fb7b\" data-element_type=\"section\" data-settings=\"{&quot;background_background&quot;:&quot;classic&quot;}\">\n\t\t\t\t\t\t<div class=\"elementor-container elementor-column-gap-no\">\n\t\t\t\t\t<div class=\"elementor-column elementor-col-100 elementor-top-column elementor-element elementor-element-4c861c62\" data-id=\"4c861c62\" data-element_type=\"column\">\n\t\t\t<div class=\"elementor-widget-wrap elementor-element-populated\">\n\t\t\t\t\t\t<section class=\"elementor-section elementor-inner-section elementor-element elementor-element-2104298 elementor-section-content-middle elementor-section-boxed elementor-section-height-default elementor-section-height-default\" data-id=\"2104298\" data-element_type=\"section\">\n\t\t\t\t\t\t<div class=\"elementor-container elementor-column-gap-no\">\n\t\t\t\t\t<div class=\"elementor-column elementor-col-50 elementor-inner-column elementor-element elementor-element-7c87eb4c\" data-id=\"7c87eb4c\" data-element_type=\"column\">\n\t\t\t<div class=\"elementor-widget-wrap\">\n\t\t\t\t\t\t\t<\/div>\n\t\t<\/div>\n\t\t\t\t<div class=\"elementor-column elementor-col-50 elementor-inner-column elementor-element elementor-element-53ab9a6e\" data-id=\"53ab9a6e\" data-element_type=\"column\">\n\t\t\t<div class=\"elementor-widget-wrap\">\n\t\t\t\t\t\t\t<\/div>\n\t\t<\/div>\n\t\t\t\t\t<\/div>\n\t\t<\/section>\n\t\t\t\t\t<\/div>\n\t\t<\/div>\n\t\t\t\t\t<\/div>\n\t\t<\/section>\n\t\t\t\t<\/div>","protected":false},"excerpt":{"rendered":"<p>Sobre m\u00ed Jesus Lakuntza. Coach y formador. Me apasiona mi trabajo. Leer art\u00edculos, ver videos, asistir a cursos, investigar formas de aplicar distintas herramientas, enfocando todo ello a mi desarrollo personal y profesional y, sobre todo, a compartirlo con los participantes en mis cursos y talleres, es algo fant\u00e1stico. Desde hace m\u00e1s de 20 a\u00f1os [&hellip;]<\/p>","protected":false},"author":1,"featured_media":0,"parent":0,"menu_order":0,"comment_status":"closed","ping_status":"closed","template":"","meta":{"footnotes":""},"class_list":["post-167","page","type-page","status-publish","hentry"],"yoast_head":"<!-- This site is optimized with the Yoast SEO plugin v24.5 - https:\/\/yoast.com\/wordpress\/plugins\/seo\/ -->\n<title>Sobre m\u00ed - Jesus Lakuntza Formaci\u00f3n<\/title>\n<meta name=\"robots\" content=\"index, follow, max-snippet:-1, max-image-preview:large, max-video-preview:-1\" \/>\n<link rel=\"canonical\" href=\"https:\/\/jlakuntza.com\/en\/sobre-mi\/\" \/>\n<meta property=\"og:locale\" content=\"en_GB\" \/>\n<meta property=\"og:type\" content=\"article\" \/>\n<meta property=\"og:title\" content=\"Sobre m\u00ed - Jesus Lakuntza Formaci\u00f3n\" \/>\n<meta property=\"og:description\" content=\"Sobre m\u00ed Jesus Lakuntza. Coach y formador. Me apasiona mi trabajo. Leer art\u00edculos, ver videos, asistir a cursos, investigar formas de aplicar distintas herramientas, enfocando todo ello a mi desarrollo personal y profesional y, sobre todo, a compartirlo con los participantes en mis cursos y talleres, es algo fant\u00e1stico. Desde hace m\u00e1s de 20 a\u00f1os [&hellip;]\" \/>\n<meta property=\"og:url\" content=\"https:\/\/jlakuntza.com\/en\/sobre-mi\/\" \/>\n<meta property=\"og:site_name\" content=\"Jesus Lakuntza Formaci\u00f3n\" \/>\n<meta property=\"article:modified_time\" content=\"2024-12-03T06:41:02+00:00\" \/>\n<meta property=\"og:image\" content=\"https:\/\/jlakuntza.com\/wp-content\/uploads\/elementor\/thumbs\/1-1-qvvlogmfa47wl6fsdij3xedj2lm9kjimlzrskmfa6w.jpg\" \/>\n<meta name=\"twitter:card\" content=\"summary_large_image\" \/>\n<meta name=\"twitter:label1\" content=\"Estimated reading time\" \/>\n\t<meta name=\"twitter:data1\" content=\"2 minutes\" \/>\n<script type=\"application\/ld+json\" class=\"yoast-schema-graph\">{\"@context\":\"https:\/\/schema.org\",\"@graph\":[{\"@type\":\"WebPage\",\"@id\":\"https:\/\/jlakuntza.com\/sobre-mi\/\",\"url\":\"https:\/\/jlakuntza.com\/sobre-mi\/\",\"name\":\"Sobre m\u00ed - Jesus Lakuntza Formaci\u00f3n\",\"isPartOf\":{\"@id\":\"https:\/\/jlakuntza.com\/#website\"},\"primaryImageOfPage\":{\"@id\":\"https:\/\/jlakuntza.com\/sobre-mi\/#primaryimage\"},\"image\":{\"@id\":\"https:\/\/jlakuntza.com\/sobre-mi\/#primaryimage\"},\"thumbnailUrl\":\"https:\/\/jlakuntza.com\/wp-content\/uploads\/elementor\/thumbs\/1-1-qvvlogmfa47wl6fsdij3xedj2lm9kjimlzrskmfa6w.jpg\",\"datePublished\":\"2024-07-04T05:28:59+00:00\",\"dateModified\":\"2024-12-03T06:41:02+00:00\",\"breadcrumb\":{\"@id\":\"https:\/\/jlakuntza.com\/sobre-mi\/#breadcrumb\"},\"inLanguage\":\"en-GB\",\"potentialAction\":[{\"@type\":\"ReadAction\",\"target\":[\"https:\/\/jlakuntza.com\/sobre-mi\/\"]}]},{\"@type\":\"ImageObject\",\"inLanguage\":\"en-GB\",\"@id\":\"https:\/\/jlakuntza.com\/sobre-mi\/#primaryimage\",\"url\":\"https:\/\/jlakuntza.com\/wp-content\/uploads\/elementor\/thumbs\/1-1-qvvlogmfa47wl6fsdij3xedj2lm9kjimlzrskmfa6w.jpg\",\"contentUrl\":\"https:\/\/jlakuntza.com\/wp-content\/uploads\/elementor\/thumbs\/1-1-qvvlogmfa47wl6fsdij3xedj2lm9kjimlzrskmfa6w.jpg\"},{\"@type\":\"BreadcrumbList\",\"@id\":\"https:\/\/jlakuntza.com\/sobre-mi\/#breadcrumb\",\"itemListElement\":[{\"@type\":\"ListItem\",\"position\":1,\"name\":\"Portada\",\"item\":\"https:\/\/jlakuntza.com\/\"},{\"@type\":\"ListItem\",\"position\":2,\"name\":\"Sobre m\u00ed\"}]},{\"@type\":\"WebSite\",\"@id\":\"https:\/\/jlakuntza.com\/#website\",\"url\":\"https:\/\/jlakuntza.com\/\",\"name\":\"Jesus Lakuntza Formaci\u00f3n\",\"description\":\"Desarrollo personal y profesional\",\"publisher\":{\"@id\":\"https:\/\/jlakuntza.com\/#organization\"},\"potentialAction\":[{\"@type\":\"SearchAction\",\"target\":{\"@type\":\"EntryPoint\",\"urlTemplate\":\"https:\/\/jlakuntza.com\/?s={search_term_string}\"},\"query-input\":{\"@type\":\"PropertyValueSpecification\",\"valueRequired\":true,\"valueName\":\"search_term_string\"}}],\"inLanguage\":\"en-GB\"},{\"@type\":\"Organization\",\"@id\":\"https:\/\/jlakuntza.com\/#organization\",\"name\":\"Jesus Lakuntza Formaci\u00f3n\",\"url\":\"https:\/\/jlakuntza.com\/\",\"logo\":{\"@type\":\"ImageObject\",\"inLanguage\":\"en-GB\",\"@id\":\"https:\/\/jlakuntza.com\/#\/schema\/logo\/image\/\",\"url\":\"https:\/\/jlakuntza.com\/wp-content\/uploads\/2024\/07\/LogoJL.png\",\"contentUrl\":\"https:\/\/jlakuntza.com\/wp-content\/uploads\/2024\/07\/LogoJL.png\",\"width\":361,\"height\":127,\"caption\":\"Jesus Lakuntza Formaci\u00f3n\"},\"image\":{\"@id\":\"https:\/\/jlakuntza.com\/#\/schema\/logo\/image\/\"}}]}<\/script>\n<!-- \/ Yoast SEO plugin. -->","yoast_head_json":{"title":"Sobre m\u00ed - Jesus Lakuntza Formaci\u00f3n","robots":{"index":"index","follow":"follow","max-snippet":"max-snippet:-1","max-image-preview":"max-image-preview:large","max-video-preview":"max-video-preview:-1"},"canonical":"https:\/\/jlakuntza.com\/en\/sobre-mi\/","og_locale":"en_GB","og_type":"article","og_title":"Sobre m\u00ed - Jesus Lakuntza Formaci\u00f3n","og_description":"Sobre m\u00ed Jesus Lakuntza. Coach y formador. Me apasiona mi trabajo. Leer art\u00edculos, ver videos, asistir a cursos, investigar formas de aplicar distintas herramientas, enfocando todo ello a mi desarrollo personal y profesional y, sobre todo, a compartirlo con los participantes en mis cursos y talleres, es algo fant\u00e1stico. Desde hace m\u00e1s de 20 a\u00f1os [&hellip;]","og_url":"https:\/\/jlakuntza.com\/en\/sobre-mi\/","og_site_name":"Jesus Lakuntza Formaci\u00f3n","article_modified_time":"2024-12-03T06:41:02+00:00","og_image":[{"url":"https:\/\/jlakuntza.com\/wp-content\/uploads\/elementor\/thumbs\/1-1-qvvlogmfa47wl6fsdij3xedj2lm9kjimlzrskmfa6w.jpg","type":"","width":"","height":""}],"twitter_card":"summary_large_image","twitter_misc":{"Estimated reading time":"2 minutes"},"schema":{"@context":"https:\/\/schema.org","@graph":[{"@type":"WebPage","@id":"https:\/\/jlakuntza.com\/sobre-mi\/","url":"https:\/\/jlakuntza.com\/sobre-mi\/","name":"Sobre m\u00ed - Jesus Lakuntza Formaci\u00f3n","isPartOf":{"@id":"https:\/\/jlakuntza.com\/#website"},"primaryImageOfPage":{"@id":"https:\/\/jlakuntza.com\/sobre-mi\/#primaryimage"},"image":{"@id":"https:\/\/jlakuntza.com\/sobre-mi\/#primaryimage"},"thumbnailUrl":"https:\/\/jlakuntza.com\/wp-content\/uploads\/elementor\/thumbs\/1-1-qvvlogmfa47wl6fsdij3xedj2lm9kjimlzrskmfa6w.jpg","datePublished":"2024-07-04T05:28:59+00:00","dateModified":"2024-12-03T06:41:02+00:00","breadcrumb":{"@id":"https:\/\/jlakuntza.com\/sobre-mi\/#breadcrumb"},"inLanguage":"en-GB","potentialAction":[{"@type":"ReadAction","target":["https:\/\/jlakuntza.com\/sobre-mi\/"]}]},{"@type":"ImageObject","inLanguage":"en-GB","@id":"https:\/\/jlakuntza.com\/sobre-mi\/#primaryimage","url":"https:\/\/jlakuntza.com\/wp-content\/uploads\/elementor\/thumbs\/1-1-qvvlogmfa47wl6fsdij3xedj2lm9kjimlzrskmfa6w.jpg","contentUrl":"https:\/\/jlakuntza.com\/wp-content\/uploads\/elementor\/thumbs\/1-1-qvvlogmfa47wl6fsdij3xedj2lm9kjimlzrskmfa6w.jpg"},{"@type":"BreadcrumbList","@id":"https:\/\/jlakuntza.com\/sobre-mi\/#breadcrumb","itemListElement":[{"@type":"ListItem","position":1,"name":"Portada","item":"https:\/\/jlakuntza.com\/"},{"@type":"ListItem","position":2,"name":"Sobre m\u00ed"}]},{"@type":"WebSite","@id":"https:\/\/jlakuntza.com\/#website","url":"https:\/\/jlakuntza.com\/","name":"Jesus Lakuntza Formaci\u00f3n","description":"Desarrollo personal y profesional","publisher":{"@id":"https:\/\/jlakuntza.com\/#organization"},"potentialAction":[{"@type":"SearchAction","target":{"@type":"EntryPoint","urlTemplate":"https:\/\/jlakuntza.com\/?s={search_term_string}"},"query-input":{"@type":"PropertyValueSpecification","valueRequired":true,"valueName":"search_term_string"}}],"inLanguage":"en-GB"},{"@type":"Organization","@id":"https:\/\/jlakuntza.com\/#organization","name":"Jesus Lakuntza Formaci\u00f3n","url":"https:\/\/jlakuntza.com\/","logo":{"@type":"ImageObject","inLanguage":"en-GB","@id":"https:\/\/jlakuntza.com\/#\/schema\/logo\/image\/","url":"https:\/\/jlakuntza.com\/wp-content\/uploads\/2024\/07\/LogoJL.png","contentUrl":"https:\/\/jlakuntza.com\/wp-content\/uploads\/2024\/07\/LogoJL.png","width":361,"height":127,"caption":"Jesus Lakuntza Formaci\u00f3n"},"image":{"@id":"https:\/\/jlakuntza.com\/#\/schema\/logo\/image\/"}}]}},"_links":{"self":[{"href":"https:\/\/jlakuntza.com\/en\/wp-json\/wp\/v2\/pages\/167","targetHints":{"allow":["GET"]}}],"collection":[{"href":"https:\/\/jlakuntza.com\/en\/wp-json\/wp\/v2\/pages"}],"about":[{"href":"https:\/\/jlakuntza.com\/en\/wp-json\/wp\/v2\/types\/page"}],"author":[{"embeddable":true,"href":"https:\/\/jlakuntza.com\/en\/wp-json\/wp\/v2\/users\/1"}],"replies":[{"embeddable":true,"href":"https:\/\/jlakuntza.com\/en\/wp-json\/wp\/v2\/comments?post=167"}],"version-history":[{"count":58,"href":"https:\/\/jlakuntza.com\/en\/wp-json\/wp\/v2\/pages\/167\/revisions"}],"predecessor-version":[{"id":1610,"href":"https:\/\/jlakuntza.com\/en\/wp-json\/wp\/v2\/pages\/167\/revisions\/1610"}],"wp:attachment":[{"href":"https:\/\/jlakuntza.com\/en\/wp-json\/wp\/v2\/media?parent=167"}],"curies":[{"name":"wp","href":"https:\/\/api.w.org\/{rel}","templated":true}]}}