{"id":847,"date":"2024-07-27T07:55:07","date_gmt":"2024-07-27T05:55:07","guid":{"rendered":"https:\/\/jlakuntza.com\/?page_id=847"},"modified":"2024-11-27T15:46:59","modified_gmt":"2024-11-27T14:46:59","slug":"proximos-cursos-y-talleres","status":"publish","type":"page","link":"https:\/\/jlakuntza.com\/en\/proximos-cursos-y-talleres\/","title":{"rendered":"Pr\u00f3ximos cursos y talleres"},"content":{"rendered":"<div data-elementor-type=\"wp-page\" data-elementor-id=\"847\" class=\"elementor elementor-847\" data-elementor-post-type=\"page\">\n\t\t\t\t\t\t<section class=\"elementor-section elementor-top-section elementor-element elementor-element-7aedf9a elementor-section-height-min-height elementor-section-boxed elementor-section-height-default elementor-section-items-middle\" data-id=\"7aedf9a\" data-element_type=\"section\" data-settings=\"{&quot;background_background&quot;:&quot;classic&quot;}\">\n\t\t\t\t\t\t\t<div class=\"elementor-background-overlay\"><\/div>\n\t\t\t\t\t\t\t<div class=\"elementor-container elementor-column-gap-default\">\n\t\t\t\t\t<div class=\"elementor-column elementor-col-100 elementor-top-column elementor-element elementor-element-8bb104e\" data-id=\"8bb104e\" data-element_type=\"column\">\n\t\t\t<div class=\"elementor-widget-wrap elementor-element-populated\">\n\t\t\t\t\t\t<div class=\"elementor-element elementor-element-c385466 elementor-invisible elementor-widget elementor-widget-heading\" data-id=\"c385466\" data-element_type=\"widget\" data-settings=\"{&quot;_animation&quot;:&quot;fadeInDown&quot;}\" data-widget_type=\"heading.default\">\n\t\t\t\t<div class=\"elementor-widget-container\">\n\t\t\t\t\t<h1 class=\"elementor-heading-title elementor-size-default\">Pr\u00f3ximos cursos y talleres<\/h1>\t\t\t\t<\/div>\n\t\t\t\t<\/div>\n\t\t\t\t<div class=\"elementor-element elementor-element-9635f3b elementor-widget elementor-widget-text-editor\" data-id=\"9635f3b\" data-element_type=\"widget\" data-widget_type=\"text-editor.default\">\n\t\t\t\t<div class=\"elementor-widget-container\">\n\t\t\t\t\t\t\t\t\t<p class=\"p1\">Cursos en abierto en los que puedes apuntarte. Ir\u00e9 incorporando nuevas opciones seg\u00fan vaya cerrando fechas.<\/p>\t\t\t\t\t\t\t\t<\/div>\n\t\t\t\t<\/div>\n\t\t\t\t\t<\/div>\n\t\t<\/div>\n\t\t\t\t\t<\/div>\n\t\t<\/section>\n\t\t\t\t<section class=\"elementor-section elementor-top-section elementor-element elementor-element-01d6fd0 elementor-section-full_width elementor-section-height-default elementor-section-height-default\" data-id=\"01d6fd0\" data-element_type=\"section\" data-settings=\"{&quot;background_background&quot;:&quot;classic&quot;}\">\n\t\t\t\t\t\t<div class=\"elementor-container elementor-column-gap-default\">\n\t\t\t\t\t<div class=\"elementor-column elementor-col-100 elementor-top-column elementor-element elementor-element-c3b75f4\" data-id=\"c3b75f4\" data-element_type=\"column\">\n\t\t\t<div class=\"elementor-widget-wrap elementor-element-populated\">\n\t\t\t\t\t\t<section class=\"elementor-section elementor-inner-section elementor-element elementor-element-5cd60b3 elementor-section-boxed elementor-section-height-default elementor-section-height-default\" data-id=\"5cd60b3\" data-element_type=\"section\">\n\t\t\t\t\t\t<div class=\"elementor-container elementor-column-gap-default\">\n\t\t\t\t\t<div class=\"elementor-column elementor-col-50 elementor-inner-column elementor-element elementor-element-6147cf7\" data-id=\"6147cf7\" data-element_type=\"column\" data-settings=\"{&quot;background_background&quot;:&quot;classic&quot;}\">\n\t\t\t<div class=\"elementor-widget-wrap elementor-element-populated\">\n\t\t\t\t\t\t<div class=\"elementor-element elementor-element-ba2fec0 elementor-widget elementor-widget-image\" data-id=\"ba2fec0\" data-element_type=\"widget\" data-widget_type=\"image.default\">\n\t\t\t\t<div class=\"elementor-widget-container\">\n\t\t\t\t\t\t\t\t\t\t\t\t\t\t\t<img decoding=\"async\" src=\"https:\/\/jlakuntza.com\/wp-content\/uploads\/elementor\/thumbs\/WORK-qvvlocv2is26u58yne854bhob7olfv4inzo0mk1vu8.png\" title=\"WORK\" alt=\"WORK\" loading=\"lazy\" \/>\t\t\t\t\t\t\t\t\t\t\t\t\t\t\t<\/div>\n\t\t\t\t<\/div>\n\t\t\t\t\t<\/div>\n\t\t<\/div>\n\t\t\t\t<div class=\"elementor-column elementor-col-50 elementor-inner-column elementor-element elementor-element-76423dd\" data-id=\"76423dd\" data-element_type=\"column\">\n\t\t\t<div class=\"elementor-widget-wrap elementor-element-populated\">\n\t\t\t\t\t\t<div class=\"elementor-element elementor-element-07e6245 elementor-widget elementor-widget-heading\" data-id=\"07e6245\" data-element_type=\"widget\" data-widget_type=\"heading.default\">\n\t\t\t\t<div class=\"elementor-widget-container\">\n\t\t\t\t\t<h2 class=\"elementor-heading-title elementor-size-default\">PR\u00d3XIMOS CURSOS Y TALLERES EN ABIERTO<\/h2>\t\t\t\t<\/div>\n\t\t\t\t<\/div>\n\t\t\t\t<div class=\"elementor-element elementor-element-c635ebc elementor-widget elementor-widget-accordion\" data-id=\"c635ebc\" data-element_type=\"widget\" data-widget_type=\"accordion.default\">\n\t\t\t\t<div class=\"elementor-widget-container\">\n\t\t\t\t\t\t\t<div class=\"elementor-accordion\">\n\t\t\t\t\t\t\t<div class=\"elementor-accordion-item\">\n\t\t\t\t\t<div id=\"elementor-tab-title-2071\" class=\"elementor-tab-title\" data-tab=\"1\" role=\"button\" aria-controls=\"elementor-tab-content-2071\" aria-expanded=\"false\">\n\t\t\t\t\t\t\t\t\t\t\t\t\t<span class=\"elementor-accordion-icon elementor-accordion-icon-left\" aria-hidden=\"true\">\n\t\t\t\t\t\t\t\t\t\t\t\t\t\t\t<span class=\"elementor-accordion-icon-closed\"><svg class=\"e-font-icon-svg e-fas-plus\" viewbox=\"0 0 448 512\" xmlns=\"http:\/\/www.w3.org\/2000\/svg\"><path d=\"M416 208H272V64c0-17.67-14.33-32-32-32h-32c-17.67 0-32 14.33-32 32v144H32c-17.67 0-32 14.33-32 32v32c0 17.67 14.33 32 32 32h144v144c0 17.67 14.33 32 32 32h32c17.67 0 32-14.33 32-32V304h144c17.67 0 32-14.33 32-32v-32c0-17.67-14.33-32-32-32z\"><\/path><\/svg><\/span>\n\t\t\t\t\t\t\t\t<span class=\"elementor-accordion-icon-opened\"><svg class=\"e-font-icon-svg e-fas-minus\" viewbox=\"0 0 448 512\" xmlns=\"http:\/\/www.w3.org\/2000\/svg\"><path d=\"M416 208H32c-17.67 0-32 14.33-32 32v32c0 17.67 14.33 32 32 32h384c17.67 0 32-14.33 32-32v-32c0-17.67-14.33-32-32-32z\"><\/path><\/svg><\/span>\n\t\t\t\t\t\t\t\t\t\t\t\t\t\t<\/span>\n\t\t\t\t\t\t\t\t\t\t\t\t<a class=\"elementor-accordion-title\" tabindex=\"0\">Cursos y talleres<\/a>\n\t\t\t\t\t<\/div>\n\t\t\t\t\t<div id=\"elementor-tab-content-2071\" class=\"elementor-tab-content elementor-clearfix\" data-tab=\"1\" role=\"region\" aria-labelledby=\"elementor-tab-title-2071\"><p>Estoy en proceso de recogida de solicitudes para poder organizar los cursos y talleres en abierto de los pr\u00f3ximos meses. Si est\u00e1s interesado en asistir a alguno de ellos, por favor, h\u00e1zmelo saber.&nbsp;<\/p><\/div>\n\t\t\t\t<\/div>\n\t\t\t\t\t\t\t\t<\/div>\n\t\t\t\t\t\t<\/div>\n\t\t\t\t<\/div>\n\t\t\t\t\t<\/div>\n\t\t<\/div>\n\t\t\t\t\t<\/div>\n\t\t<\/section>\n\t\t\t\t\t<\/div>\n\t\t<\/div>\n\t\t\t\t\t<\/div>\n\t\t<\/section>\n\t\t\t\t<\/div>","protected":false},"excerpt":{"rendered":"<p>Pr\u00f3ximos cursos y talleres Cursos en abierto en los que puedes apuntarte. Ir\u00e9 incorporando nuevas opciones seg\u00fan vaya cerrando fechas. PR\u00d3XIMOS CURSOS Y TALLERES EN ABIERTO Cursos y talleres Estoy en proceso de recogida de solicitudes para poder organizar los cursos y talleres en abierto de los pr\u00f3ximos meses. Si est\u00e1s interesado en asistir a [&hellip;]<\/p>","protected":false},"author":1,"featured_media":0,"parent":0,"menu_order":0,"comment_status":"closed","ping_status":"closed","template":"","meta":{"footnotes":""},"class_list":["post-847","page","type-page","status-publish","hentry"],"yoast_head":"<!-- This site is optimized with the Yoast SEO plugin v24.5 - https:\/\/yoast.com\/wordpress\/plugins\/seo\/ -->\n<title>Pr\u00f3ximos cursos y talleres - Jesus Lakuntza Formaci\u00f3n<\/title>\n<meta name=\"robots\" content=\"index, follow, max-snippet:-1, max-image-preview:large, max-video-preview:-1\" \/>\n<link rel=\"canonical\" href=\"https:\/\/jlakuntza.com\/en\/proximos-cursos-y-talleres\/\" \/>\n<meta property=\"og:locale\" content=\"en_GB\" \/>\n<meta property=\"og:type\" content=\"article\" \/>\n<meta property=\"og:title\" content=\"Pr\u00f3ximos cursos y talleres - Jesus Lakuntza Formaci\u00f3n\" \/>\n<meta property=\"og:description\" content=\"Pr\u00f3ximos cursos y talleres Cursos en abierto en los que puedes apuntarte. Ir\u00e9 incorporando nuevas opciones seg\u00fan vaya cerrando fechas. PR\u00d3XIMOS CURSOS Y TALLERES EN ABIERTO Cursos y talleres Estoy en proceso de recogida de solicitudes para poder organizar los cursos y talleres en abierto de los pr\u00f3ximos meses. Si est\u00e1s interesado en asistir a [&hellip;]\" \/>\n<meta property=\"og:url\" content=\"https:\/\/jlakuntza.com\/en\/proximos-cursos-y-talleres\/\" \/>\n<meta property=\"og:site_name\" content=\"Jesus Lakuntza Formaci\u00f3n\" \/>\n<meta property=\"article:modified_time\" content=\"2024-11-27T14:46:59+00:00\" \/>\n<meta property=\"og:image\" content=\"https:\/\/jlakuntza.com\/wp-content\/uploads\/elementor\/thumbs\/WORK-qvvlocv2is26u58yne854bhob7olfv4inzo0mk1vu8.png\" \/>\n<meta name=\"twitter:card\" content=\"summary_large_image\" \/>\n<meta name=\"twitter:label1\" content=\"Estimated reading time\" \/>\n\t<meta name=\"twitter:data1\" content=\"1 minute\" \/>\n<script type=\"application\/ld+json\" class=\"yoast-schema-graph\">{\"@context\":\"https:\/\/schema.org\",\"@graph\":[{\"@type\":\"WebPage\",\"@id\":\"https:\/\/jlakuntza.com\/proximos-cursos-y-talleres\/\",\"url\":\"https:\/\/jlakuntza.com\/proximos-cursos-y-talleres\/\",\"name\":\"Pr\u00f3ximos cursos y talleres - Jesus Lakuntza Formaci\u00f3n\",\"isPartOf\":{\"@id\":\"https:\/\/jlakuntza.com\/#website\"},\"primaryImageOfPage\":{\"@id\":\"https:\/\/jlakuntza.com\/proximos-cursos-y-talleres\/#primaryimage\"},\"image\":{\"@id\":\"https:\/\/jlakuntza.com\/proximos-cursos-y-talleres\/#primaryimage\"},\"thumbnailUrl\":\"https:\/\/jlakuntza.com\/wp-content\/uploads\/elementor\/thumbs\/WORK-qvvlocv2is26u58yne854bhob7olfv4inzo0mk1vu8.png\",\"datePublished\":\"2024-07-27T05:55:07+00:00\",\"dateModified\":\"2024-11-27T14:46:59+00:00\",\"breadcrumb\":{\"@id\":\"https:\/\/jlakuntza.com\/proximos-cursos-y-talleres\/#breadcrumb\"},\"inLanguage\":\"en-GB\",\"potentialAction\":[{\"@type\":\"ReadAction\",\"target\":[\"https:\/\/jlakuntza.com\/proximos-cursos-y-talleres\/\"]}]},{\"@type\":\"ImageObject\",\"inLanguage\":\"en-GB\",\"@id\":\"https:\/\/jlakuntza.com\/proximos-cursos-y-talleres\/#primaryimage\",\"url\":\"https:\/\/jlakuntza.com\/wp-content\/uploads\/elementor\/thumbs\/WORK-qvvlocv2is26u58yne854bhob7olfv4inzo0mk1vu8.png\",\"contentUrl\":\"https:\/\/jlakuntza.com\/wp-content\/uploads\/elementor\/thumbs\/WORK-qvvlocv2is26u58yne854bhob7olfv4inzo0mk1vu8.png\"},{\"@type\":\"BreadcrumbList\",\"@id\":\"https:\/\/jlakuntza.com\/proximos-cursos-y-talleres\/#breadcrumb\",\"itemListElement\":[{\"@type\":\"ListItem\",\"position\":1,\"name\":\"Portada\",\"item\":\"https:\/\/jlakuntza.com\/\"},{\"@type\":\"ListItem\",\"position\":2,\"name\":\"Pr\u00f3ximos cursos y talleres\"}]},{\"@type\":\"WebSite\",\"@id\":\"https:\/\/jlakuntza.com\/#website\",\"url\":\"https:\/\/jlakuntza.com\/\",\"name\":\"Jesus Lakuntza Formaci\u00f3n\",\"description\":\"Desarrollo personal y profesional\",\"publisher\":{\"@id\":\"https:\/\/jlakuntza.com\/#organization\"},\"potentialAction\":[{\"@type\":\"SearchAction\",\"target\":{\"@type\":\"EntryPoint\",\"urlTemplate\":\"https:\/\/jlakuntza.com\/?s={search_term_string}\"},\"query-input\":{\"@type\":\"PropertyValueSpecification\",\"valueRequired\":true,\"valueName\":\"search_term_string\"}}],\"inLanguage\":\"en-GB\"},{\"@type\":\"Organization\",\"@id\":\"https:\/\/jlakuntza.com\/#organization\",\"name\":\"Jesus Lakuntza Formaci\u00f3n\",\"url\":\"https:\/\/jlakuntza.com\/\",\"logo\":{\"@type\":\"ImageObject\",\"inLanguage\":\"en-GB\",\"@id\":\"https:\/\/jlakuntza.com\/#\/schema\/logo\/image\/\",\"url\":\"https:\/\/jlakuntza.com\/wp-content\/uploads\/2024\/07\/LogoJL.png\",\"contentUrl\":\"https:\/\/jlakuntza.com\/wp-content\/uploads\/2024\/07\/LogoJL.png\",\"width\":361,\"height\":127,\"caption\":\"Jesus Lakuntza Formaci\u00f3n\"},\"image\":{\"@id\":\"https:\/\/jlakuntza.com\/#\/schema\/logo\/image\/\"}}]}<\/script>\n<!-- \/ Yoast SEO plugin. -->","yoast_head_json":{"title":"Pr\u00f3ximos cursos y talleres - Jesus Lakuntza Formaci\u00f3n","robots":{"index":"index","follow":"follow","max-snippet":"max-snippet:-1","max-image-preview":"max-image-preview:large","max-video-preview":"max-video-preview:-1"},"canonical":"https:\/\/jlakuntza.com\/en\/proximos-cursos-y-talleres\/","og_locale":"en_GB","og_type":"article","og_title":"Pr\u00f3ximos cursos y talleres - Jesus Lakuntza Formaci\u00f3n","og_description":"Pr\u00f3ximos cursos y talleres Cursos en abierto en los que puedes apuntarte. Ir\u00e9 incorporando nuevas opciones seg\u00fan vaya cerrando fechas. PR\u00d3XIMOS CURSOS Y TALLERES EN ABIERTO Cursos y talleres Estoy en proceso de recogida de solicitudes para poder organizar los cursos y talleres en abierto de los pr\u00f3ximos meses. Si est\u00e1s interesado en asistir a [&hellip;]","og_url":"https:\/\/jlakuntza.com\/en\/proximos-cursos-y-talleres\/","og_site_name":"Jesus Lakuntza Formaci\u00f3n","article_modified_time":"2024-11-27T14:46:59+00:00","og_image":[{"url":"https:\/\/jlakuntza.com\/wp-content\/uploads\/elementor\/thumbs\/WORK-qvvlocv2is26u58yne854bhob7olfv4inzo0mk1vu8.png","type":"","width":"","height":""}],"twitter_card":"summary_large_image","twitter_misc":{"Estimated reading time":"1 minute"},"schema":{"@context":"https:\/\/schema.org","@graph":[{"@type":"WebPage","@id":"https:\/\/jlakuntza.com\/proximos-cursos-y-talleres\/","url":"https:\/\/jlakuntza.com\/proximos-cursos-y-talleres\/","name":"Pr\u00f3ximos cursos y talleres - Jesus Lakuntza Formaci\u00f3n","isPartOf":{"@id":"https:\/\/jlakuntza.com\/#website"},"primaryImageOfPage":{"@id":"https:\/\/jlakuntza.com\/proximos-cursos-y-talleres\/#primaryimage"},"image":{"@id":"https:\/\/jlakuntza.com\/proximos-cursos-y-talleres\/#primaryimage"},"thumbnailUrl":"https:\/\/jlakuntza.com\/wp-content\/uploads\/elementor\/thumbs\/WORK-qvvlocv2is26u58yne854bhob7olfv4inzo0mk1vu8.png","datePublished":"2024-07-27T05:55:07+00:00","dateModified":"2024-11-27T14:46:59+00:00","breadcrumb":{"@id":"https:\/\/jlakuntza.com\/proximos-cursos-y-talleres\/#breadcrumb"},"inLanguage":"en-GB","potentialAction":[{"@type":"ReadAction","target":["https:\/\/jlakuntza.com\/proximos-cursos-y-talleres\/"]}]},{"@type":"ImageObject","inLanguage":"en-GB","@id":"https:\/\/jlakuntza.com\/proximos-cursos-y-talleres\/#primaryimage","url":"https:\/\/jlakuntza.com\/wp-content\/uploads\/elementor\/thumbs\/WORK-qvvlocv2is26u58yne854bhob7olfv4inzo0mk1vu8.png","contentUrl":"https:\/\/jlakuntza.com\/wp-content\/uploads\/elementor\/thumbs\/WORK-qvvlocv2is26u58yne854bhob7olfv4inzo0mk1vu8.png"},{"@type":"BreadcrumbList","@id":"https:\/\/jlakuntza.com\/proximos-cursos-y-talleres\/#breadcrumb","itemListElement":[{"@type":"ListItem","position":1,"name":"Portada","item":"https:\/\/jlakuntza.com\/"},{"@type":"ListItem","position":2,"name":"Pr\u00f3ximos cursos y talleres"}]},{"@type":"WebSite","@id":"https:\/\/jlakuntza.com\/#website","url":"https:\/\/jlakuntza.com\/","name":"Jesus Lakuntza Formaci\u00f3n","description":"Desarrollo personal y profesional","publisher":{"@id":"https:\/\/jlakuntza.com\/#organization"},"potentialAction":[{"@type":"SearchAction","target":{"@type":"EntryPoint","urlTemplate":"https:\/\/jlakuntza.com\/?s={search_term_string}"},"query-input":{"@type":"PropertyValueSpecification","valueRequired":true,"valueName":"search_term_string"}}],"inLanguage":"en-GB"},{"@type":"Organization","@id":"https:\/\/jlakuntza.com\/#organization","name":"Jesus Lakuntza Formaci\u00f3n","url":"https:\/\/jlakuntza.com\/","logo":{"@type":"ImageObject","inLanguage":"en-GB","@id":"https:\/\/jlakuntza.com\/#\/schema\/logo\/image\/","url":"https:\/\/jlakuntza.com\/wp-content\/uploads\/2024\/07\/LogoJL.png","contentUrl":"https:\/\/jlakuntza.com\/wp-content\/uploads\/2024\/07\/LogoJL.png","width":361,"height":127,"caption":"Jesus Lakuntza Formaci\u00f3n"},"image":{"@id":"https:\/\/jlakuntza.com\/#\/schema\/logo\/image\/"}}]}},"_links":{"self":[{"href":"https:\/\/jlakuntza.com\/en\/wp-json\/wp\/v2\/pages\/847","targetHints":{"allow":["GET"]}}],"collection":[{"href":"https:\/\/jlakuntza.com\/en\/wp-json\/wp\/v2\/pages"}],"about":[{"href":"https:\/\/jlakuntza.com\/en\/wp-json\/wp\/v2\/types\/page"}],"author":[{"embeddable":true,"href":"https:\/\/jlakuntza.com\/en\/wp-json\/wp\/v2\/users\/1"}],"replies":[{"embeddable":true,"href":"https:\/\/jlakuntza.com\/en\/wp-json\/wp\/v2\/comments?post=847"}],"version-history":[{"count":34,"href":"https:\/\/jlakuntza.com\/en\/wp-json\/wp\/v2\/pages\/847\/revisions"}],"predecessor-version":[{"id":1595,"href":"https:\/\/jlakuntza.com\/en\/wp-json\/wp\/v2\/pages\/847\/revisions\/1595"}],"wp:attachment":[{"href":"https:\/\/jlakuntza.com\/en\/wp-json\/wp\/v2\/media?parent=847"}],"curies":[{"name":"wp","href":"https:\/\/api.w.org\/{rel}","templated":true}]}}